{"id":109,"date":"2017-09-11T17:48:03","date_gmt":"2017-09-11T17:48:03","guid":{"rendered":"http:\/\/immobilienkontor-hoffmann.de\/?page_id=109"},"modified":"2018-05-15T20:36:21","modified_gmt":"2018-05-15T20:36:21","slug":"ueber-uns","status":"publish","type":"page","link":"https:\/\/immobilienmakler-maulbronn.de\/?page_id=109","title":{"rendered":"\u00fcber uns"},"content":{"rendered":"<h4><\/h4>\n<h4><img decoding=\"async\" loading=\"lazy\" class=\"alignnone size-medium wp-image-25\" src=\"https:\/\/immobilienmakler-maulbronn.de\/wp-content\/uploads\/2017\/09\/offices-2395784_1920-300x300.jpg\" alt=\"\" width=\"300\" height=\"300\" srcset=\"https:\/\/immobilienmakler-maulbronn.de\/wp-content\/uploads\/2017\/09\/offices-2395784_1920-300x300.jpg 300w, https:\/\/immobilienmakler-maulbronn.de\/wp-content\/uploads\/2017\/09\/offices-2395784_1920-150x150.jpg 150w, https:\/\/immobilienmakler-maulbronn.de\/wp-content\/uploads\/2017\/09\/offices-2395784_1920-768x768.jpg 768w, https:\/\/immobilienmakler-maulbronn.de\/wp-content\/uploads\/2017\/09\/offices-2395784_1920-1024x1024.jpg 1024w, https:\/\/immobilienmakler-maulbronn.de\/wp-content\/uploads\/2017\/09\/offices-2395784_1920-100x100.jpg 100w, https:\/\/immobilienmakler-maulbronn.de\/wp-content\/uploads\/2017\/09\/offices-2395784_1920.jpg 1920w\" sizes=\"(max-width: 300px) 100vw, 300px\" \/><\/h4>\n<h3>Ihr Immobilienmakler aus Maulbronn\u00a0seit \u00fcber 10 Jahren im Gro\u00dfraum M\u00fchlacker mit Pforzheim, Bretten und Vaihingen an der Enz als Immobilienmakler t\u00e4tig.<\/h3>\n<h3>Dadurch haben wir eine sehr gute Marktkenntnis und k\u00f6nnen f\u00fcr Ihr Objekt bei einem unverbindlichen Besichtigungstermin einen marktgerechten Preis ermitteln.<\/h3>\n<h3>Wir haben mit der Aufwertung der Immobilien durch Partnerunternehmen wie Haushaltsaufl\u00f6ser und Landschaftsg\u00e4rtner sehr gute Erfahrung gemacht.<\/h3>\n<h3>Als Immobilienmakler mit den Wurzeln in der Region Maulbronn haben wir st\u00e4ndig eine gro\u00dfe Liste an Interessenten. Dadurch werden die Objekte sehr schnell (oft nur eine Woche Angebotszeit) vermittelt und ein gro\u00dfer Bestand wird vermieden.<\/h3>\n<h3>Dadurch konnten die Immobilien schneller und besser verkauft werden.<\/h3>\n<h3>Durch den schnellen Verkauf ist der Bestand der Objekte sehr gering, wodurch ein enger pers\u00f6hnlicher Kontakt sowie schnelle Reaktionszeiten gew\u00e4hrleistet sind.<\/h3>\n<h3>Wir verstehen uns als moderner Immobilienmakler, als Partner von Verk\u00e4ufer und K\u00e4ufer,\u00a0 f\u00fcr den gegenseitiges Vertrauen Grundvorraussetzung ist.<\/h3>\n","protected":false},"excerpt":{"rendered":"<p>Ihr Immobilienmakler aus Maulbronn\u00a0seit \u00fcber 10 Jahren im Gro\u00dfraum M\u00fchlacker mit Pforzheim, Bretten und Vaihingen an der Enz als Immobilienmakler t\u00e4tig. Dadurch haben wir eine sehr gute Marktkenntnis und k\u00f6nnen f\u00fcr Ihr Objekt bei einem unverbindlichen Besichtigungstermin einen marktgerechten Preis ermitteln. Wir haben mit der Aufwertung der Immobilien durch Partnerunternehmen wie Haushaltsaufl\u00f6ser und Landschaftsg\u00e4rtner sehr gute Erfahrung gemacht. Als Immobilienmakler mit den Wurzeln in der Region Maulbronn haben wir st\u00e4ndig eine gro\u00dfe Liste an Interessenten. Dadurch werden die Objekte sehr schnell (oft nur eine Woche Angebotszeit) vermittelt und ein gro\u00dfer Bestand wird vermieden. Dadurch konnten die Immobilien schneller und besser&#8230; <\/p>\n","protected":false},"author":1,"featured_media":0,"parent":0,"menu_order":4,"comment_status":"closed","ping_status":"closed","template":"full-width.php","meta":[],"_links":{"self":[{"href":"https:\/\/immobilienmakler-maulbronn.de\/index.php?rest_route=\/wp\/v2\/pages\/109"}],"collection":[{"href":"https:\/\/immobilienmakler-maulbronn.de\/index.php?rest_route=\/wp\/v2\/pages"}],"about":[{"href":"https:\/\/immobilienmakler-maulbronn.de\/index.php?rest_route=\/wp\/v2\/types\/page"}],"author":[{"embeddable":true,"href":"https:\/\/immobilienmakler-maulbronn.de\/index.php?rest_route=\/wp\/v2\/users\/1"}],"replies":[{"embeddable":true,"href":"https:\/\/immobilienmakler-maulbronn.de\/index.php?rest_route=%2Fwp%2Fv2%2Fcomments&post=109"}],"version-history":[{"count":23,"href":"https:\/\/immobilienmakler-maulbronn.de\/index.php?rest_route=\/wp\/v2\/pages\/109\/revisions"}],"predecessor-version":[{"id":239,"href":"https:\/\/immobilienmakler-maulbronn.de\/index.php?rest_route=\/wp\/v2\/pages\/109\/revisions\/239"}],"wp:attachment":[{"href":"https:\/\/immobilienmakler-maulbronn.de\/index.php?rest_route=%2Fwp%2Fv2%2Fmedia&parent=109"}],"curies":[{"name":"wp","href":"https:\/\/api.w.org\/{rel}","templated":true}]}}