{"id":2,"date":"2017-09-11T10:11:01","date_gmt":"2017-09-11T10:11:01","guid":{"rendered":"http:\/\/immobilienkontor-hoffmann.de\/?page_id=2"},"modified":"2018-05-15T20:30:04","modified_gmt":"2018-05-15T20:30:04","slug":"sample-page","status":"publish","type":"page","link":"https:\/\/immobilienmakler-maulbronn.de\/","title":{"rendered":"Startseite"},"content":{"rendered":"<h3><strong>Ihr Immobilienmakler aus Maulbronn ist seit \u00fcber 10 Jahren in der Region M\u00fchlacker, Pforzheim, Bretten und Vaihingen Enz t\u00e4tig.<\/strong><\/h3>\n<h3><strong>Als Immobilienmakler\u00a0 7 Tage die Woche erreichbar. &#8211;<\/strong><\/h3>\n<h3><strong>Kostenlose und unverbindliche Immobilienbewertung-<\/strong><\/h3>\n<h3><strong>Durch die lange T\u00e4tigkeit als Immobilienmakler in der Region Maulbronn M\u00fchlacker gibt es eine gro\u00dfe Kartei\u00a0 an Interessenten. <\/strong><\/h3>\n<h3><strong>Sehr enger Kontakt zu den Kunden, keine Massenabfertigung.<\/strong><\/h3>\n<h3><strong>Hilfe bei der Vorbereitung des Objektes f\u00fcr den Verkauf\u00a0 wie Z.B.\u00a0 Gartenpflege, Ausr\u00e4umen des Objektes.<\/strong><\/h3>\n<h3><strong>Erstellung eines Expos\u00e9es u.a. mit Luftaufnahmen.<\/strong><\/h3>\n<h3><strong>Beschaffung fehlender Unterlagen bei den Beh\u00f6rden.<\/strong><\/h3>\n<h3><strong>Bonit\u00e4tspr\u00fcfung vor dem Notartermin, Vorbereitung und Begleitung des Notartermins.<\/strong><\/h3>\n<h3><strong>\u00dcbergabe des Objektes mit \u00dcbergabeprotokoll.<\/strong><\/h3>\n<p><img decoding=\"async\" loading=\"lazy\" class=\"alignnone size-medium wp-image-25\" src=\"https:\/\/immobilienmakler-maulbronn.de\/wp-content\/uploads\/2017\/09\/offices-2395784_1920-300x300.jpg\" alt=\"\" width=\"300\" height=\"300\" srcset=\"https:\/\/immobilienmakler-maulbronn.de\/wp-content\/uploads\/2017\/09\/offices-2395784_1920-300x300.jpg 300w, https:\/\/immobilienmakler-maulbronn.de\/wp-content\/uploads\/2017\/09\/offices-2395784_1920-150x150.jpg 150w, https:\/\/immobilienmakler-maulbronn.de\/wp-content\/uploads\/2017\/09\/offices-2395784_1920-768x768.jpg 768w, https:\/\/immobilienmakler-maulbronn.de\/wp-content\/uploads\/2017\/09\/offices-2395784_1920-1024x1024.jpg 1024w, https:\/\/immobilienmakler-maulbronn.de\/wp-content\/uploads\/2017\/09\/offices-2395784_1920-100x100.jpg 100w, https:\/\/immobilienmakler-maulbronn.de\/wp-content\/uploads\/2017\/09\/offices-2395784_1920.jpg 1920w\" sizes=\"(max-width: 300px) 100vw, 300px\" \/><\/p>\n<p>&nbsp;<\/p>\n","protected":false},"excerpt":{"rendered":"<p>Ihr Immobilienmakler aus Maulbronn ist seit \u00fcber 10 Jahren in der Region M\u00fchlacker, Pforzheim, Bretten und Vaihingen Enz t\u00e4tig. Als Immobilienmakler\u00a0 7 Tage die Woche erreichbar. &#8211; Kostenlose und unverbindliche Immobilienbewertung- Durch die lange T\u00e4tigkeit als Immobilienmakler in der Region Maulbronn M\u00fchlacker gibt es eine gro\u00dfe Kartei\u00a0 an Interessenten. Sehr enger Kontakt zu den Kunden, keine Massenabfertigung. Hilfe bei der Vorbereitung des Objektes f\u00fcr den Verkauf\u00a0 wie Z.B.\u00a0 Gartenpflege, Ausr\u00e4umen des Objektes. Erstellung eines Expos\u00e9es u.a. mit Luftaufnahmen. Beschaffung fehlender Unterlagen bei den Beh\u00f6rden. Bonit\u00e4tspr\u00fcfung vor dem Notartermin, Vorbereitung und Begleitung des Notartermins. \u00dcbergabe des Objektes mit \u00dcbergabeprotokoll. &nbsp;<\/p>\n","protected":false},"author":1,"featured_media":0,"parent":0,"menu_order":1,"comment_status":"closed","ping_status":"closed","template":"full-width.php","meta":[],"_links":{"self":[{"href":"https:\/\/immobilienmakler-maulbronn.de\/index.php?rest_route=\/wp\/v2\/pages\/2"}],"collection":[{"href":"https:\/\/immobilienmakler-maulbronn.de\/index.php?rest_route=\/wp\/v2\/pages"}],"about":[{"href":"https:\/\/immobilienmakler-maulbronn.de\/index.php?rest_route=\/wp\/v2\/types\/page"}],"author":[{"embeddable":true,"href":"https:\/\/immobilienmakler-maulbronn.de\/index.php?rest_route=\/wp\/v2\/users\/1"}],"replies":[{"embeddable":true,"href":"https:\/\/immobilienmakler-maulbronn.de\/index.php?rest_route=%2Fwp%2Fv2%2Fcomments&post=2"}],"version-history":[{"count":31,"href":"https:\/\/immobilienmakler-maulbronn.de\/index.php?rest_route=\/wp\/v2\/pages\/2\/revisions"}],"predecessor-version":[{"id":235,"href":"https:\/\/immobilienmakler-maulbronn.de\/index.php?rest_route=\/wp\/v2\/pages\/2\/revisions\/235"}],"wp:attachment":[{"href":"https:\/\/immobilienmakler-maulbronn.de\/index.php?rest_route=%2Fwp%2Fv2%2Fmedia&parent=2"}],"curies":[{"name":"wp","href":"https:\/\/api.w.org\/{rel}","templated":true}]}}