{"id":7,"date":"2017-09-11T10:32:16","date_gmt":"2017-09-11T10:32:16","guid":{"rendered":"http:\/\/immobilienkontor-hoffmann.de\/?page_id=7"},"modified":"2022-10-20T03:28:27","modified_gmt":"2022-10-20T03:28:27","slug":"datenschutz","status":"publish","type":"page","link":"https:\/\/immobilienmakler-maulbronn.de\/?page_id=7","title":{"rendered":"Datenschutz"},"content":{"rendered":"\n<h4><\/h4>\n<h4><strong>Information \u00fcber die Erhebung personenbezogener Daten<\/strong><\/h4>\n<h4>Im Folgenden informieren wir Sie \u00fcber die Erhebung personenbezogener Daten bei Nutzung unserer Website www.Immobilienmakler-Maulbronn.de. Personenbezogene Daten sind alle Daten, die auf Sie pers\u00f6nlich beziehbar sind, z.\u2009B. Name, Adresse, Telefon, e-Mail-Adresse und\u00a0Nutzerverhalten.<\/h4>\n<h4>Verantwortlicher gem. Art.\u00a04 Abs.\u00a07 EU-Datenschutz-Grundverordnung (DSGVO) ist Rainer Hoffmann, Inhaber u. Gesch\u00e4ftsf\u00fchrer von Immobilienmakler-Maulbronn.de, Hauptstr. 5, 75433 Maulbronn, Telefon <span style=\"color: #000000;\">07043 958510<\/span>, E-Mail: hoffmann6(at)hotmail.de.<\/h4>\n<h4>Bei Ihrer Kontaktaufnahme mit uns werden die von Ihnen mitgeteilten Daten (Ihr Name, Anschrift E-Mail Adresse und Telefonnummer) von uns gespeichert. Die in diesem Zusammenhang anfallenden Daten l\u00f6schen wir, nachdem die Speicherung nicht mehr erforderlich ist, oder schr\u00e4nken die Verarbeitung ein, falls gesetzliche Aufbewahrungspflichten bestehen.<\/h4>\n<h4><strong>Ihre Rechte<\/strong><\/h4>\n<h4>Sie haben gegen\u00fcber uns folgende Rechte hinsichtlich der Sie betreffenden personenbezogenen Daten:<\/h4>\n<ul>\n<li>\n<h4>Recht auf Auskunft,<\/h4>\n<\/li>\n<li>\n<h4>Recht auf Berichtigung oder L\u00f6schung,<\/h4>\n<\/li>\n<li>\n<h4>Recht auf Einschr\u00e4nkung der Verarbeitung,<\/h4>\n<\/li>\n<li>\n<h4>Recht auf Widerspruch gegen die Verarbeitung,<\/h4>\n<\/li>\n<li>\n<h4>Recht auf Daten\u00fcbertragbarkeit.<\/h4>\n<\/li>\n<\/ul>\n<h4>Sie haben zudem das Recht, sich bei einer Datenschutz-Aufsichtsbeh\u00f6rde \u00fcber die Verarbeitung Ihrer personenbezogenen Daten durch uns zu beschweren. Bitte richten Sie Ihre Beschwerde an die f\u00fcr diese Website zust\u00e4ndige Aufsichtsbeh\u00f6rde: Landesdatenschutzbeauftragte f\u00fcr Bayern <a href=\"https:\/\/www.bfdi.bund.de\/SharedDocs\/Adressen\/LfD\/Hessen.html?nn=5217144\" target=\"_blank\" rel=\"noopener noreferrer\">https:\/\/www.bfdi.bund.de\/SharedDocs\/Adressen\/LfD\/Hessen.html?nn=5217144<\/a><\/h4>\n<h4><strong>Wie erfassen wir Ihre Daten?<\/strong><\/h4>\n<h4>Ihre Daten werden zum einen dadurch erhoben, dass Sie uns diese mitteilen. Hierbei kann es sich z.B. um Daten handeln, die Sie in ein Kontaktformular eingeben oder uns per E-Mail senden.<\/h4>\n<h4>Andere Daten werden automatisch beim Besuch der Webseite durch unsere IT-Systeme erfasst. Das sind vor allem technische Daten (z.B. Internetbrowser, Betriebssystem oder Uhrzeit des Seitenaufrufs). Die Erfassung dieser Daten erfolgt automatisch, sobald Sie unsere Webseite besuchen.<\/h4>\n<h4><b>Personenbezogene Daten<\/b><\/h4>\n<h4>Personenbezogene Daten sind Informationen, die dazu genutzt werden k\u00f6nnen, Ihre Identit\u00e4t zu erfahren. Darunter fallen Informationen wie Ihr Vor und Zuname, Postanschrift, Telefon und Faxnummer. Es unterliegt Ihrer freien Entscheidung, ob Sie diese Daten eingeben. Ihre Angaben speichern wir auf besonders gesch\u00fctzten Servern in Deutschland. Der Zugriff darauf ist nur wenigen besonders befugten Personen m\u00f6glich, die mit der technischen, kaufm\u00e4nnischen oder redaktionellen Betreuung der Server befasst sind. In Verbindung mit Ihrem Zugriff werden auf unseren Servern Daten f\u00fcr Sicherungszwecke gespeichert, die m\u00f6glicherweise eine Identifizierung zulassen (zum Beispiel IP-Adresse, Datum, Uhrzeit). Es findet keine personenbezogene Verwertung statt.<\/h4>\n<h4><b>Weitergabe personenbezogener Informationen an Dritte<\/b><\/h4>\n<h4>Wir verwenden Ihre personenbezogenen Informationen, auch im Falle von Fotobestellungen, nur innerhalb unserer Firma und werden ohne Ihr ausdr\u00fcckliches Einverst\u00e4ndnis keine Ma\u00dfnahmen wissentlich anwenden oder unterst\u00fctzen, durch die diese an Dritte gelangen. Sollten im Rahmen der Auftragsdatenverarbeitung Daten an Dienstleister weitergegeben werden, so sind diese an das BDSG oder andere gesetzliche Vorschriften gebunden. Soweit wir gesetzlich oder per Gerichtsbeschluss dazu verpflichtet sind, werden wir Ihre Daten an auskunftsberechtigte Stellen \u00fcbermitteln.<\/h4>\n<h4><b>Weitere Informationen<\/b><\/h4>\n<h4>Ihr Vertrauen ist mir wichtig. Daher m\u00f6chte ich Ihnen jederzeit Rede und Antwort bez\u00fcglich der Verarbeitung Ihrer personenbezogenen Daten stehen. Wenn Sie Fragen haben, die Ihnen diese Datenschutzerkl\u00e4rung nicht beantworten konnte oder wenn Sie zu einem Punkt genauere Informationen w\u00fcnschen, wenden Sie sich bitte jederzeit an mich.<\/h4>\n<h4><strong>Wof\u00fcr nutzen wir Ihre Daten?<\/strong><\/h4>\n<h4>Ein Teil der Daten wird erhoben, um eine fehlerfreie Bereitstellung der Webseite zu gew\u00e4hrleisten. Andere Daten k\u00f6nnen zur Analyse Ihres Nutzerverhaltens verwendet werden.<\/h4>\n<h4><strong>Welche Rechte haben Sie bez\u00fcglich Ihrer Daten?<\/strong><\/h4>\n<h4>Sie haben jederzeit das Recht unentgeltlich Auskunft \u00fcber Herkunft, Empf\u00e4nger und Zweck Ihrer gespeicherten personenbezogenen Daten zu erhalten. Sie haben au\u00dferdem das Recht, die Berichtigung, Sperrung oder L\u00f6schung dieser Daten zu verlangen. Hierzu sowie zu weiteren Fragen zum Thema Datenschutz k\u00f6nnen Sie sich jederzeit unter der weiter unten angegebenen Adresse an uns wenden. Des Weiteren steht Ihnen ein Beschwerderecht bei der zust\u00e4ndigen Aufsichtsbeh\u00f6rde zu.<\/h4>\n<h4>Wenn Sie uns personenbezogene Daten \u00fcberlassen, k\u00f6nnen Sie beantragen, dass diese gel\u00f6scht werden.<\/h4>\n<h4>Daten f\u00fcr Abrechnungs- und buchhalterische Zwecke sind von einer K\u00fcndigung beziehungsweise von einer L\u00f6schung nicht ber\u00fchrt.<\/h4>\n<h4><strong>Recht auf Daten\u00fcbertragbarkeit<\/strong><\/h4>\n<h4>Sie haben das Recht, Daten, die wir auf Grundlage Ihrer Einwilligung oder in Erf\u00fcllung eines Vertrags automatisiert verarbeiten, an sich oder an einen Dritten in einem g\u00e4ngigen, maschinenlesbaren Format aush\u00e4ndigen zu lassen. Sofern Sie die direkte \u00dcbertragung der Daten an einen anderen Verantwortlichen verlangen, erfolgt dies nur, soweit es technisch machbar ist.<\/h4>\n<h4><strong>SSL- bzw. TLS-Verschl\u00fcsselung<\/strong><br \/>\nDiese Seite nutzt aus Sicherheitsgr\u00fcnden und zum Schutz der \u00dcbertragung vertraulicher Inhalte, wie zum Beispiel Bestellungen oder Anfragen, die Sie an uns als Seitenbetreiber senden, eine SSL-bzw. TLS-Verschl\u00fcsselung. Eine verschl\u00fcsselte Verbindung erkennen Sie daran, dass die Adresszeile des Browsers von \u201chttp:\/\/\u201d auf \u201chttps:\/\/\u201d wechselt und an dem Schloss-Symbol in Ihrer Browserzeile.<br \/>\nWenn die SSL- bzw. TLS-Verschl\u00fcsselung aktiviert ist, k\u00f6nnen die Daten, die Sie an uns \u00fcbermitteln, nicht von Dritten mitgelesen werden.<\/h4>\n<h4><strong>Wer ist verantwortlich f\u00fcr die Datenerfassung und L\u00f6schung auf dieser Webseite?<\/strong><\/h4>\n<h4><strong>Immobilienkontor Hoffmann<\/strong><br \/>\nHauptstr. 5<br \/>\n75433 Maulbronn<br \/>\nTel: 07043 958510<br \/>\nFax: 0176 22963076<br \/>\nE-Mail: hoffmann6(at)hotmail.de<\/h4>\n<h4><b>Datenschutzerkl\u00e4rung f\u00fcr die Nutzung von Facebook-Plugins (Like-Button)<\/b><\/h4>\n<h4>Unser Internetauftritt verwendet Social Plugins (\u201cPlugins\u201d) des sozialen Netzwerkes facebook.com, welches von der Facebook Inc., 1601 S. California Ave, Palo Alto, CA 94304, USA betrieben wird (\u201cFacebook\u201d). Die Plugins sind an einem der Facebook Logos erkennbar (wei\u00dfes \u201ef\u201c auf blauer Kachel oder ein \u201eDaumen hoch\u201c-Zeichen) oder sind mit dem Zusatz \u201cFacebook Social Plugin\u201d gekennzeichnet. Die Liste und das Aussehen der Facebook Social Plugins kann hier eingesehen werden: <a href=\"https:\/\/developers.facebook.com\/docs\/plugins\" target=\"_blank\" rel=\"noopener noreferrer\">https:\/\/developers.facebook.com\/docs\/plugins<\/a>.<\/h4>\n<h4>Wenn Sie eine Webseite unseres Internetauftritts aufrufen, die ein solches Plugin enth\u00e4lt, baut Ihr Browser eine direkte Verbindung mit den Servern von Facebook auf. Der Inhalt des Plugins wird von Facebook direkt an Ihren Browser \u00fcbermittelt und von diesem in die Webseite eingebunden. Wir haben daher keinen Einfluss auf den Umfang der Daten, die Facebook mit Hilfe dieses Plugins erhebt und informieren Sie daher entsprechend unserem Kenntnisstand:<\/h4>\n<h4>Durch die Einbindung der Plugins erh\u00e4lt Facebook die Information, dass Sie die entsprechende Seite unseres Internetauftritts aufgerufen haben. Sind Sie bei Facebook eingeloggt, kann Facebook den Besuch Ihrem Facebook-Konto zuordnen. Wenn Sie mit den Plugins interagieren, zum Beispiel den Like Button bet\u00e4tigen oder einen Kommentar abgeben, wird die entsprechende Information von Ihrem Browser direkt an Facebook \u00fcbermittelt und dort gespeichert. Falls Sie kein Mitglied von Facebook sind, besteht trotzdem die M\u00f6glichkeit, dass Facebook Ihre IP-Adresse in Erfahrung bringt und speichert.<\/h4>\n<h4>Zweck und Umfang der Datenerhebung und die weitere Verarbeitung und Nutzung der Daten durch Facebook sowie Ihre diesbez\u00fcglichen Rechte und Einstellungsm\u00f6glichkeiten zum Schutz Ihrer Privatssph\u00e4re entnehmen Sie bitte den Datenschutzhinweisen von Facebook: <a href=\"https:\/\/www.facebook.com\/policy.php\" target=\"_blank\" rel=\"noopener noreferrer\">http:\/\/www.facebook.com\/policy.php<\/a>.<\/h4>\n<h4>Wenn Sie Facebookmitglied sind und nicht m\u00f6chten, dass Facebook \u00fcber unseren Internetauftritt Daten \u00fcber Sie sammelt und mit Ihren bei Facebook gespeicherten Mitgliedsdaten verkn\u00fcpft, m\u00fcssen Sie sich vor Ihrem Besuch unseres Internetauftritts bei Facebook ausloggen.<\/h4>\n<h4>Ebenfalls ist es m\u00f6glich Facebook-Social-Plugins mit Add-ons f\u00fcr Ihren Browser zu blocken, zum Beispiel mit dem \u201cFacebook Blocker\u201c.<\/h4>\n<h4><b>Stat Press<\/b><\/h4>\n<h4>Diese Website benutzt StatPress, ein WordPress-Plugin zum Erfassen von Zugriffen auf unsere Website. StatPress speichert diese Besucherdaten inkl. IP Adresse auf einer Datenbank unseres Servers. Cookies speichern Informationen auf aggregierter Ebene, \u00fcber die Art wie Besucher die Webseite benutzen, zum Beispiel die Anzahl der angezeigten Seiten, von wo aus der Besucher auf die Website zugreift oder die Anzahl der Besuche. Diese Informationen werden\u00a0ausschlie\u00dflich f\u00fcr statistische Zwecke\u00a0verwendet um dadurch\u00a0die Webseite zu verbessern und den Besuch angenehmer zu gestalten. Wenn Sie die Verwendung von Cookies nicht akzeptieren, werden keine Informationen gespeichert.<\/h4>\n<h4><strong>Server-Log-Files<\/strong><br \/>\nDer Provider der Seiten erhebt und speichert automatisch Informationen in so genanntenServer-Log Files, die Ihr Browser automatisch an uns \u00fcbermittelt.<br \/>\nDies sind:<\/h4>\n<ul>\n<li>\n<h4>Browsertyp und Browserversion<\/h4>\n<\/li>\n<li>\n<h4>verwendetes Betriebssystem<\/h4>\n<\/li>\n<li>\n<h4>Referrer URL<\/h4>\n<\/li>\n<li>\n<h4>Hostname des zugreifenden Rechners<\/h4>\n<\/li>\n<li>\n<h4>Uhrzeit der Serveranfrage<\/h4>\n<\/li>\n<\/ul>\n<h4>Diese Daten sind nicht bestimmten Personen zuordenbar. Eine Zusammenf\u00fchrung dieser Daten mit anderen Datenquellen wird nicht vorgenommen. Wir behalten uns vor, diese Daten nachtr\u00e4glich zu pr\u00fcfen, wenn uns konkrete Anhaltspunkte f\u00fcr eine rechtswidrige Nutzung bekannt werden.<\/h4>\n<h4><span class=\"ff2 fc0 fs10 \">Wenn Sie die Verwendung von Cookies nicht akzeptieren, werden keine Informationen gespeichert.<\/span><\/h4>\n<h4><b>Einsatz von Cookies<\/b><\/h4>\n<h4>Cookies sind kleine Textdateien, die wir mittels Ihres Browsers auf die Festplatte Ihres Computers \u00fcbermitteln. Der Session Cookie speichert die laufenden Daten des Besuchs unserer Website, z.B. ob Sie eingeloggt sind. Er unterst\u00fctzt die Funktionalit\u00e4ten der Website und wird nach Ihrem Besuch automatisch gel\u00f6scht. In der Men\u00fcleiste Ihres Browsers k\u00f6nnen Sie einstellen, dass dieser keine neuen Cookies akzeptiert, oder das er Sie darauf hinweist, wenn Sie ein neues Cookie erhalten oder auch wie Sie s\u00e4mtliche Cookies zur\u00fcckweisen k\u00f6nnen. Allerdings k\u00f6nnen Sie nur mit Cookies einige Funktionen von Immobilienmakler-Maulbronn.de vollst\u00e4ndig nutzen, weshalb wir Ihnen empfehlen, die Cookie-Funktion eingeschaltet zu lassen.<\/h4>\n<h4><b>Wie kann ich die Verwendung von Cookies unterbinden bzw. Cookies l\u00f6schen?<\/b><\/h4>\n<h4>Wir verwenden Cookies nicht um pers\u00f6nlich identifizierbare Informationen \u00fcber unsere Besucher zu sammeln.<\/h4>\n<h4>Wenn Sie sich trotzdem dazu entschlie\u00dfen Cookies, die von Immobilienmakler-Maulbronn.de oder der Webseite einer Drittpartei verwendet werden, abzulehnen beziehungsweise zu sperren, k\u00f6nnen Sie das tun indem Sie Ihre Browser-Einstellungen \u00e4ndern. F\u00fcr n\u00e4here Informationen verwenden Sie bitte die \u00ab Hilfe-Funktion \u00bb Ihres Browsers.<\/h4>\n<h4>Beachten Sie bitte, dass die meisten Browser Cookies automatisch akzeptieren, wenn Sie also nicht wollen, dass Cookies verwendet werden, m\u00fcssen Sie diese aktiv l\u00f6schen oder blockieren.<\/h4>\n<h4>F\u00fcr Informationen \u00fcber die Verwendung von Cookies bei Mobiltelefon-Browsern, und wie diese gel\u00f6scht oder blockiert werden k\u00f6nnen, beachten Sie bitte die Bedienungsanleitung Ihres Mobiltelefons.<\/h4>\n<h4>Sie k\u00f6nnen unsere Webseite besuchen, auch wenn Sie die Verwendung von Cookies unterbinden, wir weisen Sie jedoch darauf hin, dass Sie in diesem Fall gegebenenfalls nicht s\u00e4mtliche Funktionen dieser Webseite voll umf\u00e4nglich nutzen k\u00f6nnen.<\/h4>\n<h4><strong>Kontaktformular<\/strong><\/h4>\n<h4>Wenn Sie uns per Kontaktformular Anfragen zukommen lassen, werden Ihre Angaben aus dem Anfrageformular inklusive der von Ihnen dort angegebenen Kontaktdaten zwecks Bearbeitung der Anfrage und f\u00fcr den Fall von Anschlussfragen bei uns gespeichert. Diese Daten geben wir nicht ohne Ihre Einwilligung weiter.<\/h4>\n<h4>Die Verarbeitung der in das Kontaktformular eingegebenen Daten erfolgt somit ausschlie\u00dflich auf Grundlage Ihrer Einwilligung (Art. 6 Abs. 1 lit. a DSGVO). Sie k\u00f6nnen diese Einwilligung jederzeit widerrufen. Dazu reicht eine formlose Mitteilung per E-Mail an uns. Die Rechtm\u00e4\u00dfigkeit der bis zum Widerruf erfolgten Datenverarbeitungsvorg\u00e4nge bleibt vom Widerruf unber\u00fchrt.<\/h4>\n<h4>Die von Ihnen im Kontaktformular eingegebenen Daten verbleiben bei uns, bis Sie uns zur L\u00f6schung auffordern, Ihre Einwilligung zur Speicherung widerrufen oder der Zweck f\u00fcr die Datenspeicherung entf\u00e4llt (z.B. nach abgeschlossener Bearbeitung Ihrer Anfrage). Zwingende gesetzliche Bestimmungen insbesondere Aufbewahrungsfristen bleiben unber\u00fchrt.<\/h4>\n<h4>Datenschutzerkl\u00e4rung gem. DSGVO \u00a9 Immobilienmakler-Maulbronn.de | Mai 2018<\/h4>\n","protected":false},"excerpt":{"rendered":"<p>Information \u00fcber die Erhebung personenbezogener Daten Im Folgenden informieren wir Sie \u00fcber die Erhebung personenbezogener Daten bei Nutzung unserer Website www.Immobilienmakler-Maulbronn.de. Personenbezogene Daten sind alle Daten, die auf Sie pers\u00f6nlich beziehbar sind, z.\u2009B. Name, Adresse, Telefon, e-Mail-Adresse und\u00a0Nutzerverhalten. Verantwortlicher gem. Art.\u00a04 Abs.\u00a07 EU-Datenschutz-Grundverordnung (DSGVO) ist Rainer Hoffmann, Inhaber u. Gesch\u00e4ftsf\u00fchrer von Immobilienmakler-Maulbronn.de, Hauptstr. 5, 75433 Maulbronn, Telefon 07043 958510, E-Mail: hoffmann6(at)hotmail.de. Bei Ihrer Kontaktaufnahme mit uns werden die von Ihnen mitgeteilten Daten (Ihr Name, Anschrift E-Mail Adresse und Telefonnummer) von uns gespeichert. Die in diesem Zusammenhang anfallenden Daten l\u00f6schen wir, nachdem die Speicherung nicht mehr erforderlich ist, oder schr\u00e4nken die&#8230; <\/p>\n","protected":false},"author":1,"featured_media":0,"parent":0,"menu_order":3,"comment_status":"closed","ping_status":"closed","template":"full-width.php","meta":[],"_links":{"self":[{"href":"https:\/\/immobilienmakler-maulbronn.de\/index.php?rest_route=\/wp\/v2\/pages\/7"}],"collection":[{"href":"https:\/\/immobilienmakler-maulbronn.de\/index.php?rest_route=\/wp\/v2\/pages"}],"about":[{"href":"https:\/\/immobilienmakler-maulbronn.de\/index.php?rest_route=\/wp\/v2\/types\/page"}],"author":[{"embeddable":true,"href":"https:\/\/immobilienmakler-maulbronn.de\/index.php?rest_route=\/wp\/v2\/users\/1"}],"replies":[{"embeddable":true,"href":"https:\/\/immobilienmakler-maulbronn.de\/index.php?rest_route=%2Fwp%2Fv2%2Fcomments&post=7"}],"version-history":[{"count":28,"href":"https:\/\/immobilienmakler-maulbronn.de\/index.php?rest_route=\/wp\/v2\/pages\/7\/revisions"}],"predecessor-version":[{"id":274,"href":"https:\/\/immobilienmakler-maulbronn.de\/index.php?rest_route=\/wp\/v2\/pages\/7\/revisions\/274"}],"wp:attachment":[{"href":"https:\/\/immobilienmakler-maulbronn.de\/index.php?rest_route=%2Fwp%2Fv2%2Fmedia&parent=7"}],"curies":[{"name":"wp","href":"https:\/\/api.w.org\/{rel}","templated":true}]}}