{"id":9,"date":"2017-09-11T10:41:23","date_gmt":"2017-09-11T10:41:23","guid":{"rendered":"http:\/\/immobilienkontor-hoffmann.de\/?page_id=9"},"modified":"2022-10-20T03:31:20","modified_gmt":"2022-10-20T03:31:20","slug":"impressum","status":"publish","type":"page","link":"https:\/\/immobilienmakler-maulbronn.de\/?page_id=9","title":{"rendered":"Impressum"},"content":{"rendered":"<h4><\/h4>\n<h4><img decoding=\"async\" loading=\"lazy\" class=\"alignnone size-medium wp-image-17\" src=\"https:\/\/immobilienmakler-maulbronn.de\/wp-content\/uploads\/2017\/09\/key-2114455_1920-300x169.jpg\" alt=\"\" width=\"300\" height=\"169\" srcset=\"https:\/\/immobilienmakler-maulbronn.de\/wp-content\/uploads\/2017\/09\/key-2114455_1920-300x169.jpg 300w, https:\/\/immobilienmakler-maulbronn.de\/wp-content\/uploads\/2017\/09\/key-2114455_1920-768x432.jpg 768w, https:\/\/immobilienmakler-maulbronn.de\/wp-content\/uploads\/2017\/09\/key-2114455_1920-1024x576.jpg 1024w, https:\/\/immobilienmakler-maulbronn.de\/wp-content\/uploads\/2017\/09\/key-2114455_1920.jpg 1920w\" sizes=\"(max-width: 300px) 100vw, 300px\" \/><\/h4>\n<h4><strong><span style=\"color: #000000;\">Immobilienkontor Hoffmann<\/span><\/strong><\/h4>\n<h4><span style=\"color: #000000;\">Christiane-Oertel-Hoffmann<\/span><br \/>\n<span style=\"color: #000000;\"> Hauptstr. 5<\/span><br \/>\n<span style=\"color: #000000;\"> 75433 Maulbronn<\/span><\/h4>\n<h4><span style=\"color: #000000;\">Tel: 07043 958510<\/span><br \/>\n<span style=\"color: #000000;\">Mobil: 0176 22963076<\/span><\/h4>\n<h4><span style=\"color: #000000;\"> E-Mail: <a href=\"mailto:hoffmannr6@hotmail.de\">hoffmannr6@hotmail.de<\/a><\/span><br \/>\n<span style=\"color: #000000;\"> Inhaber: Frau Oertel-Hoffmann,<\/span><\/h4>\n<h4><span style=\"color: #000000;\">Inhaltlich verantwortlich gem\u00e4\u00df \u00a755 Absatz 2 RstV:\u00a0 Rainer Hoffmann, Dipl Betriebswirt<\/span><\/h4>\n<h4><span style=\"color: #000000;\">Gewerbeerlaubnis \u00a734c durch Gewerbeaufsichtsamt Pforzheim.<\/span><\/h4>\n<h4>Finanzamt M\u00fchlacker<\/h4>\n<h4><span style=\"color: #000000;\">USt. ID: 48228\/47622<\/span><br \/>\n<span style=\"color: #000000;\">\u00a0<\/span><br \/>\n<span style=\"color: #000000;\"> Amtsgericht Maulbronn<\/span><\/h4>\n<h4><span style=\"color: #000000;\"> Berufsaufsicht<\/span><\/h4>\n<h4><span style=\"color: #000000;\"> Landratsamt Enzkreis, Z\u00e4hringeralle 3<\/span><\/h4>\n<div class=\"clear hrule\"><\/div>\n<h4 data-lineheight=\"27\" data-fontsize=\"18\"><strong>Streitschlichtung<\/strong><\/h4>\n<h4>Die Europ\u00e4ische Kommission stellt eine Plattform zur Online- Streitbeilegung (OS) bereit: <a href=\"https:\/\/ec.europa.eu\/consumers\/odr\" target=\"_blank\" rel=\"noopener noreferrer\">https:\/\/ec.europa.eu\/consumers\/odr<\/a><br \/>\nUnsere E-Mail-Adresse finden Sie oben im Impressum.<\/h4>\n<h4>Wir sind nicht bereit oder verpflichtet, an Streitbeilegungsverfahren vor einer Verbraucherschlichtungsstelle teilzunehmen.<\/h4>\n<h4 data-lineheight=\"27\" data-fontsize=\"18\"><strong>Haftung f\u00fcr Inhalte<\/strong><\/h4>\n<h4>Als Diensteanbieter sind wir gem\u00e4\u00df \u00a7 7 Abs.1 TMG f\u00fcr eigene Inhalte auf diesen Seiten nach den allgemeinen Gesetzen verantwortlich. Nach \u00a7\u00a7 8 bis 10 TMG sind wir als Diensteanbieter jedoch nicht verpflichtet, \u00fcbermittelte oder gespeicherte fremde Informationen zu \u00fcberwachen oder nach Umst\u00e4nden zu forschen, die auf eine rechtswidrige T\u00e4tigkeit hinweisen.<\/h4>\n<h4>Verpflichtungen zur Entfernung oder Sperrung der Nutzung von Informationen nach den allgemeinen Gesetzen bleiben hiervon unber\u00fchrt. Eine diesbez\u00fcgliche Haftung ist jedoch erst ab dem Zeitpunkt der Kenntnis einer konkreten Rechtsverletzung m\u00f6glich. Bei Bekanntwerden von entsprechenden Rechtsverletzungen werden wir diese Inhalte umgehend entfernen.<\/h4>\n<h4 data-lineheight=\"27\" data-fontsize=\"18\"><strong>Haftung f\u00fcr Links<\/strong><\/h4>\n<h4>Unser Angebot enth\u00e4lt Links zu externen Websites Dritter, auf deren Inhalte wir keinen Einfluss haben. Deshalb k\u00f6nnen wir f\u00fcr diese fremden Inhalte auch keine Gew\u00e4hr \u00fcbernehmen. F\u00fcr die Inhalte der verlinkten Seiten ist stets der jeweilige Anbieter oder Betreiber der Seiten verantwortlich. Die verlinkten Seiten wurden zum Zeitpunkt der Verlinkung auf m\u00f6gliche Rechtsverst\u00f6\u00dfe \u00fcberpr\u00fcft. Rechtswidrige Inhalte waren zum Zeitpunkt der Verlinkung nicht erkennbar.<\/h4>\n<h4>Eine permanente inhaltliche Kontrolle der verlinkten Seiten ist jedoch ohne konkrete Anhaltspunkte einer Rechtsverletzung nicht zumutbar. Bei Bekanntwerden von Rechtsverletzungen werden wir derartige Links umgehend entfernen.<\/h4>\n<h4><strong>Datenschutzerkl\u00e4rung<br \/>\n<\/strong>Die Datenschutzerkl\u00e4rung steht unter <a href=\"https:\/\/www.immobilienmakler-maulbronn.de\/datenschutz\">https:\/\/www.immobilienmakler-maulbronn.de\/datenschutz<\/a><\/h4>\n<h4><strong>Urheberrecht<\/strong><\/h4>\n<h4>Die durch die Seitenbetreiber erstellten Inhalte und Werke auf diesen Seiten unterliegen dem deutschen Urheberrecht. Die Vervielf\u00e4ltigung, Bearbeitung, Verbreitung und jede Art der Verwertung au\u00dferhalb der Grenzen des Urheberrechtes bed\u00fcrfen der schriftlichen Zustimmung des jeweiligen Autors bzw. Erstellers.<\/h4>\n<h4><strong>Bildnachweis:<\/strong><\/h4>\n<h4>Bilder von Pixabay.de, sowie selbst erstellte Werke<\/h4>\n","protected":false},"excerpt":{"rendered":"<p>Immobilienkontor Hoffmann Christiane-Oertel-Hoffmann Hauptstr. 5 75433 Maulbronn Tel: 07043 958510 Mobil: 0176 22963076 E-Mail: hoffmannr6@hotmail.de Inhaber: Frau Oertel-Hoffmann, Inhaltlich verantwortlich gem\u00e4\u00df \u00a755 Absatz 2 RstV:\u00a0 Rainer Hoffmann, Dipl Betriebswirt Gewerbeerlaubnis \u00a734c durch Gewerbeaufsichtsamt Pforzheim. Finanzamt M\u00fchlacker USt. ID: 48228\/47622 \u00a0 Amtsgericht Maulbronn Berufsaufsicht Landratsamt Enzkreis, Z\u00e4hringeralle 3 Streitschlichtung Die Europ\u00e4ische Kommission stellt eine Plattform zur Online- Streitbeilegung (OS) bereit: https:\/\/ec.europa.eu\/consumers\/odr Unsere E-Mail-Adresse finden Sie oben im Impressum. Wir sind nicht bereit oder verpflichtet, an Streitbeilegungsverfahren vor einer Verbraucherschlichtungsstelle teilzunehmen. Haftung f\u00fcr Inhalte Als Diensteanbieter sind wir gem\u00e4\u00df \u00a7 7 Abs.1 TMG f\u00fcr eigene Inhalte auf diesen Seiten nach den allgemeinen&#8230; <\/p>\n","protected":false},"author":1,"featured_media":0,"parent":0,"menu_order":5,"comment_status":"closed","ping_status":"closed","template":"full-width.php","meta":[],"_links":{"self":[{"href":"https:\/\/immobilienmakler-maulbronn.de\/index.php?rest_route=\/wp\/v2\/pages\/9"}],"collection":[{"href":"https:\/\/immobilienmakler-maulbronn.de\/index.php?rest_route=\/wp\/v2\/pages"}],"about":[{"href":"https:\/\/immobilienmakler-maulbronn.de\/index.php?rest_route=\/wp\/v2\/types\/page"}],"author":[{"embeddable":true,"href":"https:\/\/immobilienmakler-maulbronn.de\/index.php?rest_route=\/wp\/v2\/users\/1"}],"replies":[{"embeddable":true,"href":"https:\/\/immobilienmakler-maulbronn.de\/index.php?rest_route=%2Fwp%2Fv2%2Fcomments&post=9"}],"version-history":[{"count":26,"href":"https:\/\/immobilienmakler-maulbronn.de\/index.php?rest_route=\/wp\/v2\/pages\/9\/revisions"}],"predecessor-version":[{"id":275,"href":"https:\/\/immobilienmakler-maulbronn.de\/index.php?rest_route=\/wp\/v2\/pages\/9\/revisions\/275"}],"wp:attachment":[{"href":"https:\/\/immobilienmakler-maulbronn.de\/index.php?rest_route=%2Fwp%2Fv2%2Fmedia&parent=9"}],"curies":[{"name":"wp","href":"https:\/\/api.w.org\/{rel}","templated":true}]}}